{"id":1839,"date":"2015-07-10T13:13:53","date_gmt":"2015-07-10T11:13:53","guid":{"rendered":"https:\/\/actalliance.org\/es\/?page_id=1839"},"modified":"2015-08-10T17:04:41","modified_gmt":"2015-08-10T16:04:41","slug":"concienciacion","status":"publish","type":"page","link":"https:\/\/old.stage.act.acw2.website\/es\/donde-trabajamos-2\/concienciacion\/","title":{"rendered":"Concienciaci\u00f3n"},"content":{"rendered":"<p>Por medio de la labor de concienciaci\u00f3n, ACT Alianza trata de influir en los encargados de adoptar decisiones, las pol\u00edticas, las estructuras y los sistemas para lograr un mundo justo, pac\u00edfico y sostenible. ACT procura aprovechar los conocimientos, la experiencia y las relaciones de los miembros de ACT y el poder de las comunidades para promover y abogar por leyes, pol\u00edticas y pr\u00e1cticas justas en todos los niveles.<\/p>\n","protected":false},"excerpt":{"rendered":"<p>Por medio de la labor de concienciaci\u00f3n, ACT Alianza trata de influir en los encargados de adoptar decisiones, las pol\u00edticas, las estructuras y los sistemas para lograr un mundo justo, pac\u00edfico y sostenible. ACT procura aprovechar los conocimientos, la experiencia y las relaciones de los miembros de ACT y el poder de las comunidades para [&hellip;]<\/p>\n","protected":false},"author":4,"featured_media":880,"parent":1845,"menu_order":0,"comment_status":"open","ping_status":"open","template":"template_posts-list.php","meta":{"ngg_post_thumbnail":0},"acf":[],"_links":{"self":[{"href":"https:\/\/old.stage.act.acw2.website\/es\/wp-json\/wp\/v2\/pages\/1839"}],"collection":[{"href":"https:\/\/old.stage.act.acw2.website\/es\/wp-json\/wp\/v2\/pages"}],"about":[{"href":"https:\/\/old.stage.act.acw2.website\/es\/wp-json\/wp\/v2\/types\/page"}],"author":[{"embeddable":true,"href":"https:\/\/old.stage.act.acw2.website\/es\/wp-json\/wp\/v2\/users\/4"}],"replies":[{"embeddable":true,"href":"https:\/\/old.stage.act.acw2.website\/es\/wp-json\/wp\/v2\/comments?post=1839"}],"version-history":[{"count":1,"href":"https:\/\/old.stage.act.acw2.website\/es\/wp-json\/wp\/v2\/pages\/1839\/revisions"}],"predecessor-version":[{"id":1840,"href":"https:\/\/old.stage.act.acw2.website\/es\/wp-json\/wp\/v2\/pages\/1839\/revisions\/1840"}],"up":[{"embeddable":true,"href":"https:\/\/old.stage.act.acw2.website\/es\/wp-json\/wp\/v2\/pages\/1845"}],"wp:featuredmedia":[{"embeddable":true,"href":"https:\/\/old.stage.act.acw2.website\/es\/wp-json\/wp\/v2\/media\/880"}],"wp:attachment":[{"href":"https:\/\/old.stage.act.acw2.website\/es\/wp-json\/wp\/v2\/media?parent=1839"}],"curies":[{"name":"wp","href":"https:\/\/api.w.org\/{rel}","templated":true}]}}