{"id":1841,"date":"2015-07-15T17:38:41","date_gmt":"2015-07-15T16:38:41","guid":{"rendered":"https:\/\/actalliance.org\/es\/?page_id=1841"},"modified":"2015-08-10T17:05:33","modified_gmt":"2015-08-10T16:05:33","slug":"desarrollo","status":"publish","type":"page","link":"https:\/\/old.stage.act.acw2.website\/es\/donde-trabajamos-2\/desarrollo\/","title":{"rendered":"Desarrollo"},"content":{"rendered":"<p>Los miembros de ACT Alianza se dedican a promover el desarrollo transformador y sostenible a largo plazo en 140 pa\u00edses de todo el mundo. Para ACT Alianza, el desarrollo est\u00e1 profundamente arraigado en el aumento y la protecci\u00f3n de la dignidad humana, la resiliencia comunitaria y la sostenibilidad ambiental.<\/p>\n","protected":false},"excerpt":{"rendered":"<p>Los miembros de ACT Alianza se dedican a promover el desarrollo transformador y sostenible a largo plazo en 140 pa\u00edses de todo el mundo. Para ACT Alianza, el desarrollo est\u00e1 profundamente arraigado en el aumento y la protecci\u00f3n de la dignidad humana, la resiliencia comunitaria y la sostenibilidad ambiental.<\/p>\n","protected":false},"author":4,"featured_media":879,"parent":1845,"menu_order":1,"comment_status":"open","ping_status":"open","template":"template_posts-list.php","meta":{"ngg_post_thumbnail":0},"acf":[],"_links":{"self":[{"href":"https:\/\/old.stage.act.acw2.website\/es\/wp-json\/wp\/v2\/pages\/1841"}],"collection":[{"href":"https:\/\/old.stage.act.acw2.website\/es\/wp-json\/wp\/v2\/pages"}],"about":[{"href":"https:\/\/old.stage.act.acw2.website\/es\/wp-json\/wp\/v2\/types\/page"}],"author":[{"embeddable":true,"href":"https:\/\/old.stage.act.acw2.website\/es\/wp-json\/wp\/v2\/users\/4"}],"replies":[{"embeddable":true,"href":"https:\/\/old.stage.act.acw2.website\/es\/wp-json\/wp\/v2\/comments?post=1841"}],"version-history":[{"count":1,"href":"https:\/\/old.stage.act.acw2.website\/es\/wp-json\/wp\/v2\/pages\/1841\/revisions"}],"predecessor-version":[{"id":1842,"href":"https:\/\/old.stage.act.acw2.website\/es\/wp-json\/wp\/v2\/pages\/1841\/revisions\/1842"}],"up":[{"embeddable":true,"href":"https:\/\/old.stage.act.acw2.website\/es\/wp-json\/wp\/v2\/pages\/1845"}],"wp:featuredmedia":[{"embeddable":true,"href":"https:\/\/old.stage.act.acw2.website\/es\/wp-json\/wp\/v2\/media\/879"}],"wp:attachment":[{"href":"https:\/\/old.stage.act.acw2.website\/es\/wp-json\/wp\/v2\/media?parent=1841"}],"curies":[{"name":"wp","href":"https:\/\/api.w.org\/{rel}","templated":true}]}}