{"id":572,"date":"2015-07-10T13:02:59","date_gmt":"2015-07-10T11:02:59","guid":{"rendered":"https:\/\/actalliance.org\/es\/?page_id=572"},"modified":"2017-02-28T17:43:31","modified_gmt":"2017-02-28T16:43:31","slug":"acerca-de-act","status":"publish","type":"page","link":"https:\/\/old.stage.act.acw2.website\/es\/acerca-de-act\/","title":{"rendered":"Acerca de ACT"},"content":{"rendered":"<p>ACT Alianza es una coalici\u00f3n de 144 iglesias y organizaciones afiliadas que trabajan juntas en m\u00e1s de 100 pa\u00edses para propiciar un cambio positivo y sostenible en la vida de las personas pobres y marginadas independientemente de su religi\u00f3n, creencias pol\u00edticas, g\u00e9nero, orientaci\u00f3n sexual, raza o nacionalidad, de conformidad con los c\u00f3digos y normas internacionales m\u00e1s exigentes.<\/p>\n<p>ACT Alianza recibe el apoyo de los aproximadamente 25 000 empleados de sus organizaciones miembros y moviliza alrededor de 1500 millones USD anuales para llevar a cabo su labor en tres \u00e1reas espec\u00edficas:<\/p>\n<ul>\n<li><strong>la ayuda humanitaria <\/strong><\/li>\n<li><strong>el desarrollo<\/strong><\/li>\n<li><strong> la promoci\u00f3n y defensa de causas.<\/strong><\/li>\n<\/ul>\n<p>ACT Alianza est\u00e1 profundamente arraigada en las comunidades a las que atiende. Se gana la confianza y el respeto de la poblaci\u00f3n local mucho antes de que\u00a0 las grandes intervenciones internacionales se intensifiquen y se mantiene firme en sus compromisos fundamentales muchos a\u00f1os despu\u00e9s de que la atenci\u00f3n mundial se haya desplazado a otra parte.<\/p>\n<p><strong>Esto significa que cada d\u00eda ACT Alianza est\u00e1 en primera l\u00ednea:<\/strong><\/p>\n<ul>\n<li><strong> haciendo frente a la pobreza sist\u00e9mica<\/strong><\/li>\n<li><strong>apoyando a los supervivientes de los desastres, guerras y conflictos; <\/strong><\/li>\n<li><strong>capacitando a las comunidades rurales en t\u00e9cnicas agr\u00edcolas sostenibles; <\/strong><\/li>\n<li><strong>ayudando a las poblaciones a adaptarse al cambio medioambiental<\/strong><\/li>\n<li><strong>e influyendo a los gobiernos y otros responsables de la toma de decisiones para salvaguardar los derechos humanos de los ciudadanos.<\/strong><\/li>\n<\/ul>\n<p>Sus miembros est\u00e1n asociados con el Consejo Mundial de Iglesias o la Federaci\u00f3n Luterana Mundial.<\/p>\n<p>La Secretar\u00eda mundial de ACT Alianza tiene su sede en Ginebra, Suiza. ACT tiene representaciones regionales en Jordania, Tailandia, El Salvador, Kenia y EE. UU. Adem\u00e1s, <a href=\"http:\/\/www.aprodev.eu\/\" target=\"_blank\">ACT Alianza tiene una oficina de promoci\u00f3n y defensa ante la Uni\u00f3n Europea (ACT Alianza UE)<\/a> en Bruselas, B\u00e9lgica.<\/p>\n<h3>C\u00f3digos y normas internacionales<\/h3>\n<p>ACT Alianza es signataria de los c\u00f3digos y normas humanitarios m\u00e1s exigentes, incluido el <a href=\"https:\/\/www.icrc.org\/es\/homepage\" target=\"_blank\">C\u00f3digo de Conducta para el Movimiento Internacional de la Cruz Roja y la Media Luna Roja<\/a> y para las ONG durante las Operaciones de Socorro en Casos de Desastre.<\/p>\n<p>ACT Alianza es miembro del <a href=\"https:\/\/icvanetwork.org\/\" target=\"_blank\">Consejo Internacional de Organizaciones Voluntarias (ICVA)<\/a>,\u00a0 del <a href=\"http:\/\/schr.info\/\" target=\"_blank\">Comit\u00e9 Directivo para la Acci\u00f3n Humanitaria (SCHR)<\/a> y miembro certificado de la <a href=\"http:\/\/es.hapinternational.org\/\" target=\"_blank\">Asociaci\u00f3n Internacional para la Responsabilidad en el \u00c1mbito Humanitario (HAP)<\/a>.<\/p>\n<p>ACT tambi\u00e9n se ha adherido a la<a href=\"http:\/\/www.sphereproject.org\/sphere\/es\/\" target=\"_blank\"> Carta Humanitaria y Normas M\u00ednimas para la Respuesta Humanitaria (Manual Esfera)<\/a> y es miembro de<a href=\"http:\/\/www.trust.org\/humanitarian\/\" target=\"_blank\"> Reuters AlertNet<\/a>.<\/p>\n","protected":false},"excerpt":{"rendered":"<p>ACT Alianza es una coalici\u00f3n de 144 iglesias y organizaciones afiliadas que trabajan juntas en m\u00e1s de 100 pa\u00edses para propiciar un cambio positivo y sostenible en la vida de las personas pobres y marginadas independientemente de su religi\u00f3n, creencias pol\u00edticas, g\u00e9nero, orientaci\u00f3n sexual, raza o nacionalidad, de conformidad con los c\u00f3digos y normas internacionales [&hellip;]<\/p>\n","protected":false},"author":4,"featured_media":1385,"parent":0,"menu_order":0,"comment_status":"open","ping_status":"open","template":"","meta":{"ngg_post_thumbnail":0},"acf":[],"_links":{"self":[{"href":"https:\/\/old.stage.act.acw2.website\/es\/wp-json\/wp\/v2\/pages\/572"}],"collection":[{"href":"https:\/\/old.stage.act.acw2.website\/es\/wp-json\/wp\/v2\/pages"}],"about":[{"href":"https:\/\/old.stage.act.acw2.website\/es\/wp-json\/wp\/v2\/types\/page"}],"author":[{"embeddable":true,"href":"https:\/\/old.stage.act.acw2.website\/es\/wp-json\/wp\/v2\/users\/4"}],"replies":[{"embeddable":true,"href":"https:\/\/old.stage.act.acw2.website\/es\/wp-json\/wp\/v2\/comments?post=572"}],"version-history":[{"count":6,"href":"https:\/\/old.stage.act.acw2.website\/es\/wp-json\/wp\/v2\/pages\/572\/revisions"}],"predecessor-version":[{"id":5278,"href":"https:\/\/old.stage.act.acw2.website\/es\/wp-json\/wp\/v2\/pages\/572\/revisions\/5278"}],"wp:featuredmedia":[{"embeddable":true,"href":"https:\/\/old.stage.act.acw2.website\/es\/wp-json\/wp\/v2\/media\/1385"}],"wp:attachment":[{"href":"https:\/\/old.stage.act.acw2.website\/es\/wp-json\/wp\/v2\/media?parent=572"}],"curies":[{"name":"wp","href":"https:\/\/api.w.org\/{rel}","templated":true}]}}