{"id":794,"date":"2015-07-10T13:08:28","date_gmt":"2015-07-10T11:08:28","guid":{"rendered":"https:\/\/actalliance.org\/es\/?page_id=794"},"modified":"2018-03-06T11:50:25","modified_gmt":"2018-03-06T10:50:25","slug":"794-2","status":"publish","type":"page","link":"https:\/\/old.stage.act.acw2.website\/es\/acerca-de-act\/794-2\/","title":{"rendered":"La Secretar\u00eda"},"content":{"rendered":"<p>La oficina de la Secretar\u00eda mundial de ACT Alianza se encuentra en Ginebra, Suiza. Adem\u00e1s, la alianza tiene representaciones regionales en Am\u00e1n, Bangkok, Bruselas, El Salvador, Nairobi, Nueva York y Toronto.<\/p>\n<p>Ver el <a href=\"https:\/\/actalliance.org\/wp-content\/uploads\/2017\/09\/Organogram_ACT_09_2017.pdf\" target=\"_blank\" rel=\"noopener\">organigrama de la Alianza ACT<\/a><\/p>\n<h2>ACT Ginebra<\/h2>\n<div class='person col-sm-6'><img style='max-width: 180px; max-height:100px' src='https:\/\/actalliance.org\/wp-content\/uploads\/2017\/06\/Rudelmar.jpg '\/><strong><br \/>\n<strong>Rudelmar Bueno de Faria<\/strong><br \/>\nSecretario General<br \/>\n<\/strong>rudelmar.buenodefaria[at]actalliance.org<br \/>\n<\/div>\n<div class='person col-sm-6'><img style='max-width: 180px; max-height:100px' src='https:\/\/actalliance.org\/wp-content\/uploads\/2016\/09\/Nick.png '\/><br \/>\n<strong>Nick Clarke<\/strong><br \/>\n<strong>Jefe de Estrategias y Alianzas<\/strong><br \/>\nnick.clarke[at]actalliance.org<br \/>\n<\/div>\n<div class='person col-sm-6'><img style='max-width: 180px; max-height:100px' src='https:\/\/actalliance.org\/wp-content\/uploads\/2016\/06\/Line.jpg '\/><br \/>\n<strong>Line Hempel<br \/>\nJefa de Finanzas y Administraci\u00f3n<br \/>\n<\/strong>line.hempel[at]actalliance.org<br \/>\n<\/div>\n<p><div class='person col-sm-6'><img style='max-width: 180px; max-height:100px' src='https:\/\/actalliance.org\/wp-content\/uploads\/2016\/06\/Isaiah.jpg '\/><br \/>\n<strong>Isaiah Toroitich<br \/>\nCoordinador Global de Pol\u00edticas y Defensa de Causas<br \/>\n<\/strong>isaiah.toroitich[at]actalliance.org<\/p>\n<p><\/div><div class='person col-sm-6'><img style='max-width: 180px; max-height:100px' src='https:\/\/actalliance.org\/wp-content\/uploads\/2017\/03\/Alwin.jpg '\/><br \/>\n<strong>Alwynn Javier<br \/>\nCoordinador Humanitario Global<br \/>\n<\/strong>alwynn.javier[at]actalliance.org<br \/>\n<\/div><\/p>\n<div class='person col-sm-6'><img style='max-width: 180px; max-height:100px' src='https:\/\/actalliance.org\/wp-content\/uploads\/2016\/06\/Valter.jpg '\/><br \/>\n<strong>Valter Muniz<br \/>\nRedactor en L\u00ednea<br \/>\n<\/strong>valter.muniz[at]actalliance.org<br \/>\n<\/div>\n<div class='person col-sm-6'><img style='max-width: 180px; max-height:100px' src='https:\/\/actalliance.org\/wp-content\/uploads\/2016\/06\/Lorenzo.jpg '\/><br \/>\n<strong>Lorenzo Correa<br \/>\nOficial\u00a0Senior de Finanzas<br \/>\n<\/strong>lorenzo.correa[at]actalliance.org<br \/>\n<\/div>\n<div class='person col-sm-6'><img style='max-width: 180px; max-height:100px' src='https:\/\/actalliance.org\/wp-content\/uploads\/2017\/07\/Marjorie.png '\/><br \/>\n<strong><strong>Marjorie Schmidt<\/strong><br \/>\nColaboradora de Finanzas<br \/>\n<\/strong>marjorie.schmidt[at]actalliance.org<br \/>\n<\/div>\n<div class='person col-sm-6'><img style='max-width: 180px; max-height:100px' src='https:\/\/actalliance.org\/wp-content\/uploads\/2016\/06\/Penny.jpg '\/><br \/>\n<strong>Penny Blachut<br \/>\nAsistente Ejecutiva<br \/>\n<\/strong>penny.blachut[at]actalliance.org<br \/>\n<\/div>\n<div class='person col-sm-6'><img style='max-width: 180px; max-height:100px' src='https:\/\/actalliance.org\/wp-content\/uploads\/2016\/06\/Veera.jpg '\/><br \/>\n<strong>Veera Valo<br \/>\nOficial \u2013 Log\u00edstica y Operaciones<br \/>\n(punto focal de TI)<br \/>\n<\/strong>veera.valo[at]actalliance.org<br \/>\n<\/div>\n<div class='person col-sm-6'><img style='max-width: 180px; max-height:100px' src='https:\/\/actalliance.org\/wp-content\/uploads\/2016\/06\/Christoph.jpg '\/><br \/>\n<strong>Christophe Arnold<br \/>\nOficial Encargado del Mecanismo Humanitario<br \/>\n<\/strong>christophe.arnold[at]actalliance.org<br \/>\n<\/div>\n<div class='person col-sm-6'><img style='max-width: 180px; max-height:100px' src='https:\/\/actalliance.org\/wp-content\/uploads\/2017\/02\/Christian.jpg '\/><br \/>\n<strong>Christian Wolff<br \/>\nGerente de programa para Migraci\u00f3n y Desplazamiento<br \/>\n<\/strong>christian.wolff[at]actalliance.org<br \/>\n<\/div>\n<div class='person col-sm-6'><img style='max-width: 180px; max-height:100px' src='https:\/\/actalliance.org\/wp-content\/uploads\/2015\/07\/Gabriela.jpg '\/><br \/>\n<strong>Gabriela Annequin <\/strong><\/div>\n<div class='person col-sm-6'><img style='max-width: 180px; max-height:100px' src='https:\/\/actalliance.org\/wp-content\/uploads\/2018\/02\/James.jpg '\/><br \/>\n<strong>James Davis<br \/>\nCoordinador de Seguridad<br \/>\n<\/strong>james.davis[at]actalliance.org<br \/>\n<\/div>\n<p>&nbsp;<\/p>\n<p>*Personal trasladado temporalmente<\/p>\n<h2>ACT Amman<\/h2>\n<div class='person col-sm-6'><img style='max-width: 180px; max-height:100px' src='https:\/\/actalliance.org\/wp-content\/uploads\/2016\/06\/Gorden.jpg '\/><br \/>\n<strong>Gorden Simango<br \/>\nRepresentante Regional\u00a0\u2013 Oriente Medio<br \/>\n<\/strong>gorden.simango[at]actalliance.org<br \/>\n<\/div>\n<h2>ACT Bangkok<\/h2>\n<p><div class='person col-sm-6'><img style='max-width: 180px; max-height:100px' src='https:\/\/actalliance.org\/wp-content\/uploads\/2016\/06\/Anoop.jpg '\/><br \/>\n<strong>Anoop Sukumaran<br \/>\nRepresentante Regional\u00a0\u2013 Asia y Pac\u00edfico<br \/>\n<\/strong>Anoop.Sukumaran[at]actalliance.org<br \/>\n<\/div><div class='person col-sm-6'><img style='max-width: 180px; max-height:100px' src='https:\/\/actalliance.org\/wp-content\/uploads\/2017\/10\/James-M.jpg '\/><br \/>\n<strong>James Phichet Munpa<br \/>\nOficial de Programas \u2013 Asia y Pac\u00edfico<br \/>\n<\/strong>James.Munpa[at]actalliance.org<br \/>\n<\/div><\/p>\n<h2>ACT Nairobi<\/h2>\n<p><div class='person col-sm-6'><img style='max-width: 180px; max-height:100px' src='https:\/\/actalliance.org\/wp-content\/uploads\/2016\/06\/Gezahein.jpg '\/><br \/>\n<strong>Gezahegn Kebede Gebrehana<br \/>\nRepresentante Regional \u2013 \u00c1frica<\/strong><strong><br \/>\n<\/strong>gezahegn.gebrehana[at]actalliance.org<br \/>\n<\/div><div class='person col-sm-6'><img style='max-width: 180px; max-height:100px' src='https:\/\/actalliance.org\/wp-content\/uploads\/2016\/06\/Arnold.jpg '\/><br \/>\n<strong>Arnold Ambundo<br \/>\nOficial de Programas \u2013 \u00c1frica<br \/>\n<\/strong>Arnold.Ambundo[at]actalliance.org<br \/>\n<\/div><\/p>\n<div class='person col-sm-6'><img style='max-width: 180px; max-height:100px' src='https:\/\/actalliance.org\/wp-content\/uploads\/2017\/06\/Catherine.jpg '\/><br \/>\n<strong>Catherine Njuguna<br \/>\n<\/strong><strong>Oficial de Pol\u00edticas y Defensa de Causas<br \/>\n<\/strong>Catherine.Njuguna[at]actalliance.org<br \/>\n<\/div>\n<h2>ACT San Salvador<\/h2>\n<p><div class='person col-sm-6'><img style='max-width: 180px; max-height:100px' src='https:\/\/actalliance.org\/wp-content\/uploads\/2016\/06\/Carlos.jpg '\/><br \/>\n<strong>Carlos Rauda<br \/>\nRepresentante Regional \u2013 Am\u00e9rica Latina y el Caribe<br \/>\n<\/strong>carlos.rauda[at]actalliance.org<br \/>\n<\/div><div class='person col-sm-6'><img style='max-width: 180px; max-height:100px' src='https:\/\/actalliance.org\/wp-content\/uploads\/2016\/06\/Rosa-Maria.jpg '\/><br \/>\n<strong>Rosa Maria Matamoros Blandford<br \/>\nOficial de Programas \u2013 Am\u00e9rica Latina y el Caribe<br \/>\n<\/strong>Rosa.Matamoros[at]actalliance.org<br \/>\n<\/div><\/p>\n<h2>ACT\u00a0New York<\/h2>\n<div class='person col-sm-6'><img style='max-width: 180px; max-height:100px' src='https:\/\/actalliance.org\/wp-content\/uploads\/2017\/03\/Alison.jpg '\/><br \/>\n<strong>Alison Kelly<br \/>\nDesarrollo Sostenible y Representante en la ONU<br \/>\n<\/strong>alison.kelly[at]actalliance.org<br \/>\n<\/div>\n<h2>ACT Toronto<\/h2>\n<p><div class='person col-sm-6'><img style='max-width: 180px; max-height:100px' src='https:\/\/actalliance.org\/wp-content\/uploads\/2017\/02\/Simon.png '\/><br \/>\n<strong>Simon Chambers<br \/>\nJefe de comunicaci\u00f3n<br \/>\n<\/strong>simon.chambers[at]actalliance.org<br \/>\n<\/div><div class='person col-sm-6'><img style='max-width: 180px; max-height:100px' src='https:\/\/actalliance.org\/wp-content\/uploads\/2017\/06\/Joanna-1.jpg '\/><br \/>\n<strong>Joanna Patouris<br \/>\n<\/strong><strong>Coordinadora de Comunicaciones para el cambio clim\u00e1tico<br \/>\n<\/strong>joanna.patouris[at]actalliance.org<br \/>\n<\/div><\/p>\n","protected":false},"excerpt":{"rendered":"<p>La oficina de la Secretar\u00eda mundial de ACT Alianza se encuentra en Ginebra, Suiza. Adem\u00e1s, la alianza tiene representaciones regionales en Am\u00e1n, Bangkok, Bruselas, El Salvador, Nairobi, Nueva York y Toronto. Ver el organigrama de la Alianza ACT ACT Ginebra &nbsp; *Personal trasladado temporalmente ACT Amman ACT Bangkok ACT Nairobi ACT San Salvador ACT\u00a0New York [&hellip;]<\/p>\n","protected":false},"author":4,"featured_media":0,"parent":572,"menu_order":2,"comment_status":"open","ping_status":"open","template":"","meta":{"ngg_post_thumbnail":0},"acf":[],"_links":{"self":[{"href":"https:\/\/old.stage.act.acw2.website\/es\/wp-json\/wp\/v2\/pages\/794"}],"collection":[{"href":"https:\/\/old.stage.act.acw2.website\/es\/wp-json\/wp\/v2\/pages"}],"about":[{"href":"https:\/\/old.stage.act.acw2.website\/es\/wp-json\/wp\/v2\/types\/page"}],"author":[{"embeddable":true,"href":"https:\/\/old.stage.act.acw2.website\/es\/wp-json\/wp\/v2\/users\/4"}],"replies":[{"embeddable":true,"href":"https:\/\/old.stage.act.acw2.website\/es\/wp-json\/wp\/v2\/comments?post=794"}],"version-history":[{"count":87,"href":"https:\/\/old.stage.act.acw2.website\/es\/wp-json\/wp\/v2\/pages\/794\/revisions"}],"predecessor-version":[{"id":7982,"href":"https:\/\/old.stage.act.acw2.website\/es\/wp-json\/wp\/v2\/pages\/794\/revisions\/7982"}],"up":[{"embeddable":true,"href":"https:\/\/old.stage.act.acw2.website\/es\/wp-json\/wp\/v2\/pages\/572"}],"wp:attachment":[{"href":"https:\/\/old.stage.act.acw2.website\/es\/wp-json\/wp\/v2\/media?parent=794"}],"curies":[{"name":"wp","href":"https:\/\/api.w.org\/{rel}","templated":true}]}}