{"id":1830,"date":"2015-07-15T17:45:14","date_gmt":"2015-07-15T16:45:14","guid":{"rendered":"https:\/\/actalliance.org\/fr\/?page_id=1830"},"modified":"2015-08-10T16:59:10","modified_gmt":"2015-08-10T15:59:10","slug":"travail-humanitaire","status":"publish","type":"page","link":"https:\/\/old.stage.act.acw2.website\/fr\/notre-assistance\/travail-humanitaire\/","title":{"rendered":"Travail humanitaire"},"content":{"rendered":"<p>A travers ses diff\u00e9rentes organisations membres, l&rsquo;Alliance ACT s&rsquo;efforce de r\u00e9pondre aux urgences dans le monde entier &#8211; locales ou globales, grandes ou petites &#8211; avec l&rsquo;engagement oecum\u00e9nique de r\u00e9pondre aux besoins des communaut\u00e9s les plus vuln\u00e9rables.<\/p>\n","protected":false},"excerpt":{"rendered":"<p>A travers ses diff\u00e9rentes organisations membres, l&rsquo;Alliance ACT s&rsquo;efforce de r\u00e9pondre aux urgences dans le monde entier &#8211; locales ou globales, grandes ou petites &#8211; avec l&rsquo;engagement oecum\u00e9nique de r\u00e9pondre aux besoins des communaut\u00e9s les plus vuln\u00e9rables.<\/p>\n","protected":false},"author":4,"featured_media":878,"parent":1837,"menu_order":2,"comment_status":"open","ping_status":"open","template":"template_posts-list.php","meta":{"ngg_post_thumbnail":0},"acf":[],"_links":{"self":[{"href":"https:\/\/old.stage.act.acw2.website\/fr\/wp-json\/wp\/v2\/pages\/1830"}],"collection":[{"href":"https:\/\/old.stage.act.acw2.website\/fr\/wp-json\/wp\/v2\/pages"}],"about":[{"href":"https:\/\/old.stage.act.acw2.website\/fr\/wp-json\/wp\/v2\/types\/page"}],"author":[{"embeddable":true,"href":"https:\/\/old.stage.act.acw2.website\/fr\/wp-json\/wp\/v2\/users\/4"}],"replies":[{"embeddable":true,"href":"https:\/\/old.stage.act.acw2.website\/fr\/wp-json\/wp\/v2\/comments?post=1830"}],"version-history":[{"count":1,"href":"https:\/\/old.stage.act.acw2.website\/fr\/wp-json\/wp\/v2\/pages\/1830\/revisions"}],"predecessor-version":[{"id":1831,"href":"https:\/\/old.stage.act.acw2.website\/fr\/wp-json\/wp\/v2\/pages\/1830\/revisions\/1831"}],"up":[{"embeddable":true,"href":"https:\/\/old.stage.act.acw2.website\/fr\/wp-json\/wp\/v2\/pages\/1837"}],"wp:featuredmedia":[{"embeddable":true,"href":"https:\/\/old.stage.act.acw2.website\/fr\/wp-json\/wp\/v2\/media\/878"}],"wp:attachment":[{"href":"https:\/\/old.stage.act.acw2.website\/fr\/wp-json\/wp\/v2\/media?parent=1830"}],"curies":[{"name":"wp","href":"https:\/\/api.w.org\/{rel}","templated":true}]}}