{"id":1832,"date":"2015-07-15T17:38:41","date_gmt":"2015-07-15T16:38:41","guid":{"rendered":"https:\/\/actalliance.org\/fr\/?page_id=1832"},"modified":"2015-08-10T16:56:54","modified_gmt":"2015-08-10T15:56:54","slug":"1832-2","status":"publish","type":"page","link":"https:\/\/old.stage.act.acw2.website\/fr\/notre-assistance\/1832-2\/","title":{"rendered":"D\u00e9veloppement"},"content":{"rendered":"<p>Les membres de l&rsquo;Alliance ACT travaillent sur le d\u00e9veloppement transformationnel et durable \u00e0 long terme dans 140 pays au monde. Pour l&rsquo;Alliance ACT, le d\u00e9veloppent est profond\u00e9ment enracin\u00e9 dans la croissance et la protection de la dignit\u00e9 humaine, la r\u00e9silience communautaire et la durabilit\u00e9 environnementale.<\/p>\n","protected":false},"excerpt":{"rendered":"<p>Les membres de l&rsquo;Alliance ACT travaillent sur le d\u00e9veloppement transformationnel et durable \u00e0 long terme dans 140 pays au monde. Pour l&rsquo;Alliance ACT, le d\u00e9veloppent est profond\u00e9ment enracin\u00e9 dans la croissance et la protection de la dignit\u00e9 humaine, la r\u00e9silience communautaire et la durabilit\u00e9 environnementale.<\/p>\n","protected":false},"author":4,"featured_media":879,"parent":1837,"menu_order":1,"comment_status":"open","ping_status":"open","template":"template_posts-list.php","meta":{"ngg_post_thumbnail":0},"acf":[],"_links":{"self":[{"href":"https:\/\/old.stage.act.acw2.website\/fr\/wp-json\/wp\/v2\/pages\/1832"}],"collection":[{"href":"https:\/\/old.stage.act.acw2.website\/fr\/wp-json\/wp\/v2\/pages"}],"about":[{"href":"https:\/\/old.stage.act.acw2.website\/fr\/wp-json\/wp\/v2\/types\/page"}],"author":[{"embeddable":true,"href":"https:\/\/old.stage.act.acw2.website\/fr\/wp-json\/wp\/v2\/users\/4"}],"replies":[{"embeddable":true,"href":"https:\/\/old.stage.act.acw2.website\/fr\/wp-json\/wp\/v2\/comments?post=1832"}],"version-history":[{"count":2,"href":"https:\/\/old.stage.act.acw2.website\/fr\/wp-json\/wp\/v2\/pages\/1832\/revisions"}],"predecessor-version":[{"id":1834,"href":"https:\/\/old.stage.act.acw2.website\/fr\/wp-json\/wp\/v2\/pages\/1832\/revisions\/1834"}],"up":[{"embeddable":true,"href":"https:\/\/old.stage.act.acw2.website\/fr\/wp-json\/wp\/v2\/pages\/1837"}],"wp:featuredmedia":[{"embeddable":true,"href":"https:\/\/old.stage.act.acw2.website\/fr\/wp-json\/wp\/v2\/media\/879"}],"wp:attachment":[{"href":"https:\/\/old.stage.act.acw2.website\/fr\/wp-json\/wp\/v2\/media?parent=1832"}],"curies":[{"name":"wp","href":"https:\/\/api.w.org\/{rel}","templated":true}]}}