{"id":1835,"date":"2015-07-10T13:13:53","date_gmt":"2015-07-10T11:13:53","guid":{"rendered":"https:\/\/actalliance.org\/fr\/?page_id=1835"},"modified":"2015-08-10T16:58:30","modified_gmt":"2015-08-10T15:58:30","slug":"plaidoyers","status":"publish","type":"page","link":"https:\/\/old.stage.act.acw2.website\/fr\/notre-assistance\/plaidoyers\/","title":{"rendered":"Plaidoyers"},"content":{"rendered":"<p>Par ses plaidoyers, l&rsquo;Alliance ACT cherche \u00e0 influencer les preneurs de d\u00e9cision, les politiques, structures et syst\u00e8mes afin de cr\u00e9er un monde juste, durable et en paix. ACT vise \u00e0 d\u00e9multiplier les connaissances, l&rsquo;exp\u00e9rience et les relations des membres d&rsquo;ACT et des communaut\u00e9s influentes afin de promouvoir et plaider pour des lois, des politiques et pratiques justes \u00e0 tous les niveaux.<\/p>\n","protected":false},"excerpt":{"rendered":"<p>Par ses plaidoyers, l&rsquo;Alliance ACT cherche \u00e0 influencer les preneurs de d\u00e9cision, les politiques, structures et syst\u00e8mes afin de cr\u00e9er un monde juste, durable et en paix. ACT vise \u00e0 d\u00e9multiplier les connaissances, l&rsquo;exp\u00e9rience et les relations des membres d&rsquo;ACT et des communaut\u00e9s influentes afin de promouvoir et plaider pour des lois, des politiques et [&hellip;]<\/p>\n","protected":false},"author":4,"featured_media":880,"parent":1837,"menu_order":0,"comment_status":"open","ping_status":"open","template":"template_posts-list.php","meta":{"ngg_post_thumbnail":0},"acf":[],"_links":{"self":[{"href":"https:\/\/old.stage.act.acw2.website\/fr\/wp-json\/wp\/v2\/pages\/1835"}],"collection":[{"href":"https:\/\/old.stage.act.acw2.website\/fr\/wp-json\/wp\/v2\/pages"}],"about":[{"href":"https:\/\/old.stage.act.acw2.website\/fr\/wp-json\/wp\/v2\/types\/page"}],"author":[{"embeddable":true,"href":"https:\/\/old.stage.act.acw2.website\/fr\/wp-json\/wp\/v2\/users\/4"}],"replies":[{"embeddable":true,"href":"https:\/\/old.stage.act.acw2.website\/fr\/wp-json\/wp\/v2\/comments?post=1835"}],"version-history":[{"count":1,"href":"https:\/\/old.stage.act.acw2.website\/fr\/wp-json\/wp\/v2\/pages\/1835\/revisions"}],"predecessor-version":[{"id":1836,"href":"https:\/\/old.stage.act.acw2.website\/fr\/wp-json\/wp\/v2\/pages\/1835\/revisions\/1836"}],"up":[{"embeddable":true,"href":"https:\/\/old.stage.act.acw2.website\/fr\/wp-json\/wp\/v2\/pages\/1837"}],"wp:featuredmedia":[{"embeddable":true,"href":"https:\/\/old.stage.act.acw2.website\/fr\/wp-json\/wp\/v2\/media\/880"}],"wp:attachment":[{"href":"https:\/\/old.stage.act.acw2.website\/fr\/wp-json\/wp\/v2\/media?parent=1835"}],"curies":[{"name":"wp","href":"https:\/\/api.w.org\/{rel}","templated":true}]}}