{"id":3529,"date":"2015-09-09T13:56:04","date_gmt":"2015-09-09T11:56:04","guid":{"rendered":"https:\/\/actalliance.org\/fr\/?page_id=3529"},"modified":"2016-02-09T15:20:44","modified_gmt":"2016-02-09T14:20:44","slug":"les-communautes-de-pratiques-cp","status":"publish","type":"page","link":"https:\/\/old.stage.act.acw2.website\/fr\/au-sujet-de-lalliance-act\/les-communautes-de-pratiques-cp\/","title":{"rendered":"Les Communaut\u00e9s de pratiques-CP"},"content":{"rendered":"<h3 class=\"p1\">La CP du d\u00e9veloppement favorisant l\u2019int\u00e9gration de handicap\u00e9s<\/h3>\n<p class=\"p1\">Le but de la CP du d\u00e9veloppement de l\u2019int\u00e9gration des handicap\u00e9s est de faire conna\u00eetre le secteur du handicap dans l\u2019Alliance ACT, afin qu\u2019il soit consid\u00e9r\u00e9 comme une question des droits de l\u2019homme, et de d\u00e9fendre activement les droits des personnes handicap\u00e9es. Ainsi, le r\u00f4le de la CP est de rassembler les exp\u00e9riences des membres et des divers collaborateurs de l\u2019Alliance ACT afin de partager les connaissances. Cela apporte aux membres un support pour la mise en \u0153uvre des programmes d\u2019int\u00e9gration des handicap\u00e9s.<\/p>\n<p class=\"p1\">Pour plus d\u2019informations contacter le point focal CP au secr\u00e9tariat d\u2019ACT, Felomain Nassar, felomain.nassar[at]actalliance.org<\/p>\n<h3 class=\"p1\">La CP de la r\u00e9duction du risque de d\u00e9sastres (DRR) et de l\u2019adaptation aux changements climatiques<\/h3>\n<p class=\"p1\">Le but de la CP du DRR, de l\u2019adaptation aux changements climatiques et du d\u00e9veloppement durable est d\u2019encourager les membres de l\u2019Alliance ACT \u00e0 introduire dans leur travail des mesures de r\u00e9duction du risque de d\u00e9sastre (naturel) et d\u2019adaptation aux changements climatiques. La CP est un espace d\u2019\u00e9changes d\u2019id\u00e9es et d\u2019exp\u00e9riences qui engendre de la connaissance, de l\u2019expertise et du conseil, produit de la documentation et sert \u00e0 repr\u00e9senter l\u2019Alliance ACT lors de n\u00e9gociations, conf\u00e9rences et autres \u00e9v\u00e9nements.<\/p>\n<p class=\"p1\">Pour plus d\u2019informations contacter le point focal CP au secr\u00e9tariat d\u2019ACT, James Munpa, james.munpa[at]actalliance.org<\/p>\n<h3 class=\"p1\">La CP pour l\u2019\u00e9galit\u00e9 des sexes<\/h3>\n<p class=\"p1\">ACT Alliance s\u2019est engag\u00e9 \u00e0 susciter une prise de conscience de l\u2019\u00e9galit\u00e9 des sexes \u00e0 travers tout son travail. L\u2019objectif global de la CP de l\u2019\u00e9galit\u00e9 des sexes est d\u2019int\u00e9grer cette question dans les structures internes de l\u2019Alliance ACT et dans les lignes directrices des programmes de ses membres. La CP soutient les membres dans leurs efforts de cr\u00e9er des politiques et de programmer ce travail dans le domaine de l\u2019\u00e9galit\u00e9 des sexes, afin de s\u2019assurer que les programmes refl\u00e8tent les besoins et les souhaits de toutes personnes.<\/p>\n<p class=\"p1\">Pour plus d\u2019information contacter le point focal de la CP au secr\u00e9tariat d\u2019ACT, Daniel Pieper, daniel.pieper[at]actalliance.org<\/p>\n<h3 class=\"p1\">La CP des droits de l&rsquo;homme dans le domaine du d\u00e9veloppement<\/h3>\n<p class=\"p1\">Les droits de l&rsquo;homme dans la CP du d\u00e9veloppement vise \u00e0 faire progresser au sein de l\u2019Alliance ACT et parmi ses partenaires, la mise en \u0153uvre de strat\u00e9gies de d\u00e9veloppement bas\u00e9es sur les droits de l\u2019homme. Son travail consiste \u00e0 permettre l&rsquo;action de la soci\u00e9t\u00e9 civile fond\u00e9e sur les normes internationales des droits de l&rsquo;homme.<\/p>\n<p class=\"p1\">Pour plus d&rsquo;informations contacter le point focal de la CP au secr\u00e9tariat d\u2019ACT, Gezahegn Gebrehana, gezehegn.gebrehana[at]actalliance.org<\/p>\n<h3 class=\"p1\">La CP de la migration et du d\u00e9veloppement<\/h3>\n<p class=\"p1\">La CP de la migration et du d\u00e9veloppement form\u00e9e r\u00e9cemment, soit en 2014, b\u00e9n\u00e9ficie des connaissances approfondies des membres et des partenaires de l\u2019Alliance ACT qui aident \u00e0 d\u00e9velopper des interventions favorisant la protection des droits des migrants. Les sujets communs au groupe de travail incluent les droits des migrants, l&rsquo;apatridie, la migration et les moyens de subsistance, la migration et le changement climatique, et les personnes victimes des trafiquants du voyage. Il vise \u00e9galement \u00e0 renforcer et am\u00e9liorer la visibilit\u00e9 des structures \u0153cum\u00e9niques en lien avec la migration et le d\u00e9veloppement.<\/p>\n<p class=\"p1\">Pour plus d&rsquo;informations contacter le point focal de la CP au secr\u00e9tariat d\u2019ACT, Gorden Simango, gorden.simango[at]actalliance.org<\/p>\n<h3 class=\"p1\">La CP psychosociale<\/h3>\n<p class=\"p1\">L&rsquo;objectif global de la CP du soutien psychosocial est de renforcer la capacit\u00e9 de l&rsquo;Alliance \u00e0 apporter un soutien psychosocial aux communaut\u00e9s en souffrance. Il vise \u00e0 favoriser la r\u00e9silience et \u00e0 renforcer sa capacit\u00e9 de r\u00e9sistance en d\u00e9veloppant la coop\u00e9ration et en facilitant l&rsquo;acc\u00e8s aux supports dont les personnes ont besoin. En 2014, la CP a promu le fait que le soutien psychosocial communautaire (CBPS) soit consid\u00e9r\u00e9 comme un \u00e9l\u00e9ment essentiel de toute r\u00e9ponse humanitaire de l\u2019Alliance ACT dans tous les secteurs. Le groupe s\u2019efforce \u00e0 d\u00e9montrer la pertinence du CBPS appliqu\u00e9 dans le secteur du d\u00e9veloppement.<\/p>\n<p class=\"p1\">Pour plus d&rsquo;informations contacter le point focal de la CP au secr\u00e9tariat d&rsquo;ACT, Rosa Maria Matamoros, rosa.matamoros[at]actalliance.org<\/p>\n<h3 class=\"p1\">La CP de la religion et du d\u00e9veloppement<\/h3>\n<p class=\"p1\">L&rsquo;objectif de cette CP est de d\u00e9velopper une meilleure compr\u00e9hension de l&rsquo;intersection entre la religion et le d\u00e9veloppement, contribuant \u00e0 am\u00e9liorer les actions de d\u00e9veloppement qui tiennent compte des conceptions et croyances de tout citoyen de par le monde, des valeurs et des pratiques \u00e9clair\u00e9es par la religion pour la p\u00e9rennit\u00e9 et leur appropriation locale. La CP joue \u00e9galement un r\u00f4le constructif pour que la convergence qui semble se dessiner entre la religion et le d\u00e9veloppement soit appropri\u00e9e, consolid\u00e9e, diffus\u00e9e et r\u00e9percut\u00e9e dans les politiques globales qui r\u00e9gissent le d\u00e9veloppement.<\/p>\n<p class=\"p1\">Pour plus d&rsquo;informations contacter le point focal de la CP au secr\u00e9tariat d&rsquo;ACT, Rosa Carlos Rauda, carlos.rauda[at]actalliance.org<\/p>\n<h3 class=\"p1\">La CP de la suret\u00e9 et de la s\u00e9curit\u00e9<\/h3>\n<p class=\"p1\">La CP de la suret\u00e9 et de la s\u00e9curit\u00e9 est compos\u00e9e d\u2019experts de s\u00fbret\u00e9 et de s\u00e9curit\u00e9 li\u00e9s aux membres des organisations de l\u2019Alliance ACT qui sont responsables de la suret\u00e9 et de la s\u00e9curit\u00e9 des personnes d\u00e9ploy\u00e9es dans le cadre des programmes. Tout comme la CP fournit des formations \u00e0 leur propre personnel, elle conseille les forums de l\u2019Alliance ACT dans leurs efforts de r\u00e9ponses. La CP tente de couvrir l\u2019ensemble des pays o\u00f9 ses membres travaillent et annuellement d\u2019y cr\u00e9er une session de formation. Elle supervise les points les plus sensibles du monde, en se concentrant plus particuli\u00e8rement sur certaines r\u00e9gions. La valeur ajout\u00e9e de ce groupe est la connaissance de ses membres et leur volont\u00e9 d&rsquo;assurer la s\u00fbret\u00e9 et la s\u00e9curit\u00e9 appropri\u00e9es \u00e0 chaque situation.<\/p>\n<p class=\"p1\">Pour plus d&rsquo;informations, consulter le site internet d\u00e9di\u00e9 aux CP, <a href=\"http:\/\/www.act-security.org\">www.act-security.org<\/a><\/p>\n<h3 class=\"p1\">La CP de la protection<\/h3>\n<p class=\"p1\">La CP de la protection vise \u00e0 renforcer la capacit\u00e9 de l\u2019Alliance ACT et de ses membres \u00e0 prot\u00e9ger les communaut\u00e9s touch\u00e9es par des crises et \u00e0 influencer la politique des acteurs mondiaux. C\u2019est un forum pour partager les connaissances acquisses et les meilleures pratiques, s\u2019engager dans la r\u00e9flexion et l&rsquo;apprentissage mutuel, et am\u00e9liorer les programmes de protection et de sensibilisation. Toute l\u2019Alliance tire b\u00e9n\u00e9fice du groupe d&rsquo;experts quand il s\u2019agit de relever les d\u00e9fis concernant la protection. Le groupe offre aux membres et aux groupes consultatifs des conseils concernant les politiques.<\/p>\n<p class=\"p1\">Pour plus d&rsquo;informations contacter le point focal de la CP au secr\u00e9tariat d&rsquo;ACT, Anoop Sukumaran, anoop.sukumaran[at]actalliance.org<\/p>\n<h3 class=\"p1\">La CP de la participation des jeunes<\/h3>\n<p class=\"p1\">Cette CP vise \u00e0 augmenter la participation des jeunes dans l\u2019Alliance ACT. Elle vise \u00e0 assurer que les jeunes soient consid\u00e9r\u00e9s comme des agents du changement et qu\u2019ils fassent entendre leur voix. Quand ils n\u2019ont pas leurs propres organisations de jeunesse, de nombreuses organisations membres de l\u2019Alliance ACT travaillent sur les questions relatives \u00e0 la jeunesse avec des approches interg\u00e9n\u00e9rationnelles. Par cons\u00e9quent, la CP des jeunes se d\u00e9finit comme un espace commun de rencontre pour ces organisations, afin de d\u00e9velopper l&rsquo;attention accord\u00e9e \u00e0 la participation des jeunes, et d&rsquo;encourager la coop\u00e9ration<span class=\"Apple-converted-space\">\u00a0 <\/span>dans ce domaine au sein de l\u2019Alliance ACT.<\/p>\n<p class=\"p1\">Pour plus d&rsquo;informations contacter le point focal de la CP au secr\u00e9tariat d&rsquo;ACT, Arnold Ambundo, arnold.ambundo[at]actalliance.org<\/p>\n","protected":false},"excerpt":{"rendered":"<p>La CP du d\u00e9veloppement favorisant l\u2019int\u00e9gration de handicap\u00e9s Le but de la CP du d\u00e9veloppement de l\u2019int\u00e9gration des handicap\u00e9s est de faire conna\u00eetre le secteur du handicap dans l\u2019Alliance ACT, afin qu\u2019il soit consid\u00e9r\u00e9 comme une question des droits de l\u2019homme, et de d\u00e9fendre activement les droits des personnes handicap\u00e9es. Ainsi, le r\u00f4le de la [&hellip;]<\/p>\n","protected":false},"author":4,"featured_media":0,"parent":779,"menu_order":5,"comment_status":"closed","ping_status":"closed","template":"","meta":{"ngg_post_thumbnail":0},"acf":[],"_links":{"self":[{"href":"https:\/\/old.stage.act.acw2.website\/fr\/wp-json\/wp\/v2\/pages\/3529"}],"collection":[{"href":"https:\/\/old.stage.act.acw2.website\/fr\/wp-json\/wp\/v2\/pages"}],"about":[{"href":"https:\/\/old.stage.act.acw2.website\/fr\/wp-json\/wp\/v2\/types\/page"}],"author":[{"embeddable":true,"href":"https:\/\/old.stage.act.acw2.website\/fr\/wp-json\/wp\/v2\/users\/4"}],"replies":[{"embeddable":true,"href":"https:\/\/old.stage.act.acw2.website\/fr\/wp-json\/wp\/v2\/comments?post=3529"}],"version-history":[{"count":1,"href":"https:\/\/old.stage.act.acw2.website\/fr\/wp-json\/wp\/v2\/pages\/3529\/revisions"}],"predecessor-version":[{"id":3530,"href":"https:\/\/old.stage.act.acw2.website\/fr\/wp-json\/wp\/v2\/pages\/3529\/revisions\/3530"}],"up":[{"embeddable":true,"href":"https:\/\/old.stage.act.acw2.website\/fr\/wp-json\/wp\/v2\/pages\/779"}],"wp:attachment":[{"href":"https:\/\/old.stage.act.acw2.website\/fr\/wp-json\/wp\/v2\/media?parent=3529"}],"curies":[{"name":"wp","href":"https:\/\/api.w.org\/{rel}","templated":true}]}}