{"id":773,"date":"2015-07-10T13:08:28","date_gmt":"2015-07-10T11:08:28","guid":{"rendered":"https:\/\/actalliance.org\/fr\/?page_id=773"},"modified":"2021-05-07T12:42:26","modified_gmt":"2021-05-07T10:42:26","slug":"le-secretariat-de-lalliance-act","status":"publish","type":"page","link":"https:\/\/old.stage.act.acw2.website\/fr\/au-sujet-de-lalliance-act\/le-secretariat-de-lalliance-act\/","title":{"rendered":"Le secr\u00e9tariat de l&rsquo;Alliance ACT"},"content":{"rendered":"<p>Le secr\u00e9tariat de l&rsquo;Alliance ACT est \u00e0 Gen\u00e8ve, Suisse, et l&rsquo;alliance a une pr\u00e9sence r\u00e9gionale \u00e0 Amman, Bangkok, Bruxelles, San Salvador, Nairobi, New York et Toronto.<\/p>\n<p>D\u00e9couvrez l&rsquo;<a href=\"https:\/\/actalliance.org\/wp-content\/uploads\/2017\/09\/Organogram_ACT_09_2017.pdf\" target=\"_blank\" rel=\"noopener\">organigramme de l&rsquo;Alliance ACT<\/a><\/p>\n<h2>ACT Geneva<\/h2>\n<p><br \/>\n<div class='person col-sm-6'><img style='max-width: 180px; max-height:100px' src='https:\/\/actalliance.org\/wp-content\/uploads\/2016\/09\/Nick.png '\/><br \/>\n<strong>Nick Clarke<\/strong><br \/>\n<strong>Responsable de la strat\u00e9gie des partenariats<\/strong><br \/>\nnick.clarke[at]actalliance.org<br \/>\n<\/div><br \/>\n<div class='person col-sm-6'><img style='max-width: 180px; max-height:100px' src='https:\/\/actalliance.org\/wp-content\/uploads\/2016\/06\/Line.jpg '\/><br \/>\n<strong>Line Hempel<\/strong><br \/>\n<strong>Responsable des finances et de l\u2019administration<\/strong><br \/>\nline.hempel[at]actalliance.org<br \/>\n<\/div><br \/>\n<div class='person col-sm-6'><img style='max-width: 180px; max-height:100px' src='https:\/\/actalliance.org\/wp-content\/uploads\/2016\/06\/Isaiah.jpg '\/><br \/>\n<strong>Isaiah Toroitich<\/strong><br \/>\n<strong>Coordinateur global des politiques et d\u00e9fense des causes<\/strong><br \/>\nisaiah.toroitich[at]actalliance.org<br \/>\n<\/div><br \/>\n<div class='person col-sm-6'><img style='max-width: 180px; max-height:100px' src='https:\/\/actalliance.org\/wp-content\/uploads\/2017\/03\/Alwin.jpg '\/><br \/>\n<strong>Alwynn Javier<br \/>\nCoordinateur humanitaire&nbsp;globale<br \/>\n<\/strong>alwynn.javier[at]actalliance.org<br \/>\n<\/div><br \/>\n<div class='person col-sm-6'><img style='max-width: 180px; max-height:100px' src='https:\/\/actalliance.org\/wp-content\/uploads\/2016\/06\/Valter.jpg '\/><br \/>\n<strong>Valter Hugo Muniz<\/strong><br \/>\n<strong>R\u00e9dacteur en ligne<\/strong><br \/>\nvalter.muniz[at]actalliance.org<br \/>\n<\/div><br \/>\n<div class='person col-sm-6'><img style='max-width: 180px; max-height:100px' src='https:\/\/actalliance.org\/wp-content\/uploads\/2016\/06\/Lorenzo.jpg '\/><br \/>\n<strong>Lorenzo Correa<\/strong><br \/>\n<strong>Agente principale des finances<\/strong><br \/>\nlorenzo.correa[at]actalliance.org<br \/>\n<\/div><br \/>\n<div class='person col-sm-6'><img style='max-width: 180px; max-height:100px' src='https:\/\/actalliance.org\/wp-content\/uploads\/2017\/07\/Marjorie.png '\/><br \/>\n<strong>Marjorie Schmidt<\/strong><br \/>\n<strong>Collaboratrice en finances<\/strong><br \/>\nmarjorie.schmidt[at]actalliance.org<br \/>\n<\/div><br \/>\n<div class='person col-sm-6'><img style='max-width: 180px; max-height:100px' src='https:\/\/actalliance.org\/wp-content\/uploads\/2016\/06\/Penny.jpg '\/><br \/>\n<strong>Penny Blachut<\/strong><br \/>\n<strong>Assistante de direction<\/strong><br \/>\npenny.blachut[at]actalliance.org<br \/>\n<\/div><br \/>\n<div class='person col-sm-6'><img style='max-width: 180px; max-height:100px' src='https:\/\/actalliance.org\/wp-content\/uploads\/2016\/06\/Veera.jpg '\/><br \/>\n<strong>Veera Valo<\/strong><br \/>\n<strong>Charg\u00e9e de la logistique et des op\u00e9rations<\/strong>&nbsp;<strong>(point focal TI)<\/strong><br \/>\nveera.valo[at]actalliance.org<br \/>\n<\/div><br \/>\n<div class='person col-sm-6'><img style='max-width: 180px; max-height:100px' src='https:\/\/actalliance.org\/wp-content\/uploads\/2016\/06\/Christoph.jpg '\/><br \/>\n<strong>Christophe Arnold<\/strong><br \/>\n<strong>Charg\u00e9 du m\u00e9canisme humanitaire<\/strong><br \/>\nchristophe.arnold[at]actalliance.org<br \/>\n<\/div><br \/>\n<div class='person col-sm-6'><img style='max-width: 180px; max-height:100px' src='https:\/\/actalliance.org\/wp-content\/uploads\/2017\/02\/Christian.jpg '\/><br \/>\n<strong>Christian Wolff<\/strong><br \/>\n<strong>Responsable du programme pour la migration et le d\u00e9placement<\/strong><br \/>\nchristian.wolff[at]actalliance.org<br \/>\n<\/div><br \/>\n<div class='person col-sm-6'><img style='max-width: 180px; max-height:100px' src='https:\/\/actalliance.org\/wp-content\/uploads\/2015\/07\/Gabriela.jpg '\/><br \/>\n<strong>Gabriela Annequin <\/strong><br \/>\n<\/div><br \/>\n<div class='person col-sm-6'><img style='max-width: 180px; max-height:100px' src='https:\/\/actalliance.org\/wp-content\/uploads\/2018\/02\/James.jpg '\/><br \/>\n<strong>James Davis<\/strong><br \/>\n<strong>Coordinateur de la s\u00e9curit\u00e9<\/strong><br \/>\njames.davis[at]actalliance.org<br \/>\n<\/div><\/p>\n<p>&nbsp;<\/p>\n<p>*D\u00e9tachement de personnel pour l&rsquo;ACT Alliance<\/p>\n<h2>ACT Amman<\/h2>\n<p><div class='person col-sm-6'><img style='max-width: 180px; max-height:100px' src='https:\/\/actalliance.org\/wp-content\/uploads\/2016\/06\/Gorden.jpg '\/><br \/>\n<strong>Gorden Simango<br \/>\nRepr\u00e9sentant r\u00e9gional \u2013&nbsp;Moyen Orient<br \/>\n<\/strong><span lang=\"en-GB\"><span lang=\"fr\">gorden.simango[at]actalliance.org<\/span><\/span><br \/>\n<\/div><span lang=\"en-GB\"><span lang=\"fr\"><br \/>\n<\/span><\/span><\/p>\n<h2>ACT Bangkok<\/h2>\n<p><div class='person col-sm-6'><img style='max-width: 180px; max-height:100px' src='https:\/\/actalliance.org\/wp-content\/uploads\/2016\/06\/Anoop.jpg '\/><br \/>\n<strong>Anoop Sukumaran<br \/>\nRepr\u00e9sentant r\u00e9gional \u2013 Asie et Pacifique<br \/>\n<\/strong><span lang=\"en-GB\"><span lang=\"fr\">Anoop.Sukumaran[at]actalliance.org<\/span><\/span><br \/>\n<\/div><div class='person col-sm-6'><img style='max-width: 180px; max-height:100px' src='https:\/\/actalliance.org\/wp-content\/uploads\/2017\/10\/James-M.jpg '\/><br \/>\n<strong>James Phichet Munpa<br \/>\nCharg\u00e9 de programme \u2013 Asie et Pacifique<br \/>\n<\/strong><span lang=\"en-GB\"><span lang=\"fr\">James.Munpa[at]actalliance.org<\/span><\/span><br \/>\n<\/div><\/p>\n<h2>ACT Nairobi<\/h2>\n<p><div class='person col-sm-6'><img style='max-width: 180px; max-height:100px' src='https:\/\/actalliance.org\/wp-content\/uploads\/2016\/06\/Gezahein.jpg '\/><br \/>\n<strong>Gezahegn Kebede Gebrehana<br \/>\nRepr\u00e9sentant r\u00e9gional \u2013 Afrique<br \/>\n<\/strong><span lang=\"en-GB\"><span lang=\"fr\">gezahegn.gebrehana[at]actalliance.org<\/span><\/span><br \/>\n<\/div><div class='person col-sm-6'><img style='max-width: 180px; max-height:100px' src='https:\/\/actalliance.org\/wp-content\/uploads\/2016\/06\/Arnold.jpg '\/><br \/>\n<strong>Arnold Ambundo<br \/>\nCharg\u00e9 de programme \u2013 Afrique<br \/>\n<\/strong><span lang=\"en-GB\"><span lang=\"fr\">Arnold.Ambundo[at]actalliance.org<\/span><\/span><br \/>\n<\/div><\/p>\n<div class='person col-sm-6'><img style='max-width: 180px; max-height:100px' src='https:\/\/actalliance.org\/wp-content\/uploads\/2017\/06\/Catherine.jpg '\/><br \/>\n<strong>Catherine Njuguna<br \/>\n<\/strong><strong>Agente de politiques et d\u00e9fense des causes<br \/>\n<\/strong>Catherine.Njuguna[at]actalliance.org<br \/>\n<\/div>\n<h2>ACT San Salvador<\/h2>\n<p><div class='person col-sm-6'><img style='max-width: 180px; max-height:100px' src='https:\/\/actalliance.org\/wp-content\/uploads\/2016\/06\/Carlos.jpg '\/><br \/>\n<strong>Carlos Rauda<br \/>\nRepr\u00e9sentant r\u00e9gional \u2013 Am\u00e9rique Latine et Cara\u00efbes<br \/>\n<\/strong><span lang=\"en-GB\"><span lang=\"fr\">carlos.rauda[at]actalliance.org<\/span><\/span><br \/>\n<\/div><div class='person col-sm-6'><img style='max-width: 180px; max-height:100px' src='https:\/\/actalliance.org\/wp-content\/uploads\/2016\/06\/Rosa-Maria.jpg '\/><br \/>\n<strong>Rosa Maria Matamoros Blandford<br \/>\nCharg\u00e9e de programme \u2013 Am\u00e9rique Latine et Cara\u00efbes<br \/>\n<\/strong><span lang=\"en-GB\"><span lang=\"fr\">Rosa.Matamoros[at]actalliance.org<\/span><\/span><br \/>\n<\/div><\/p>\n<h2>&nbsp;ACT&nbsp;New York<\/h2>\n<div class='person col-sm-6'><img style='max-width: 180px; max-height:100px' src='https:\/\/actalliance.org\/wp-content\/uploads\/2017\/03\/Alison.jpg '\/><br \/>\n<strong>Alison Kelly<br \/>\n<span class=\"b5\">D\u00e9veloppement durable et repr\u00e9sentante aupr\u00e8s les Nations Unies<\/span><br \/>\n<\/strong>alison.kelly[at]actalliance.org<br \/>\n<\/div>\n<h2>ACT Toronto<\/h2>\n<p><div class='person col-sm-6'><img style='max-width: 180px; max-height:100px' src='https:\/\/actalliance.org\/wp-content\/uploads\/2017\/02\/Simon.png '\/><br \/>\n<strong>Simon Chambers<br \/>\nResponsable de&nbsp;communication<br \/>\n<\/strong>simon.chambers[at]actalliance.org<br \/>\n<\/div><div class='person col-sm-6'><img style='max-width: 180px; max-height:100px' src='https:\/\/actalliance.org\/wp-content\/uploads\/2017\/06\/Joanna-1.jpg '\/><br \/>\n<strong>Joanna Patouris<br \/>\n<\/strong><strong>Coordonnateur des communications sur le changement climatique<br \/>\n<\/strong>joanna.patouris[at]actalliance.org<br \/>\n<\/div><\/p>\n","protected":false},"excerpt":{"rendered":"<p>Le secr\u00e9tariat de l&rsquo;Alliance ACT est \u00e0 Gen\u00e8ve, Suisse, et l&rsquo;alliance a une pr\u00e9sence r\u00e9gionale \u00e0 Amman, Bangkok, Bruxelles, San Salvador, Nairobi, New York et Toronto. D\u00e9couvrez l&rsquo;organigramme de l&rsquo;Alliance ACT ACT Geneva &nbsp; *D\u00e9tachement de personnel pour l&rsquo;ACT Alliance ACT Amman ACT Bangkok ACT Nairobi ACT San Salvador &nbsp;ACT&nbsp;New York ACT Toronto<\/p>\n","protected":false},"author":4,"featured_media":0,"parent":779,"menu_order":2,"comment_status":"open","ping_status":"open","template":"","meta":{"ngg_post_thumbnail":0},"acf":[],"_links":{"self":[{"href":"https:\/\/old.stage.act.acw2.website\/fr\/wp-json\/wp\/v2\/pages\/773"}],"collection":[{"href":"https:\/\/old.stage.act.acw2.website\/fr\/wp-json\/wp\/v2\/pages"}],"about":[{"href":"https:\/\/old.stage.act.acw2.website\/fr\/wp-json\/wp\/v2\/types\/page"}],"author":[{"embeddable":true,"href":"https:\/\/old.stage.act.acw2.website\/fr\/wp-json\/wp\/v2\/users\/4"}],"replies":[{"embeddable":true,"href":"https:\/\/old.stage.act.acw2.website\/fr\/wp-json\/wp\/v2\/comments?post=773"}],"version-history":[{"count":112,"href":"https:\/\/old.stage.act.acw2.website\/fr\/wp-json\/wp\/v2\/pages\/773\/revisions"}],"predecessor-version":[{"id":16549,"href":"https:\/\/old.stage.act.acw2.website\/fr\/wp-json\/wp\/v2\/pages\/773\/revisions\/16549"}],"up":[{"embeddable":true,"href":"https:\/\/old.stage.act.acw2.website\/fr\/wp-json\/wp\/v2\/pages\/779"}],"wp:attachment":[{"href":"https:\/\/old.stage.act.acw2.website\/fr\/wp-json\/wp\/v2\/media?parent=773"}],"curies":[{"name":"wp","href":"https:\/\/api.w.org\/{rel}","templated":true}]}}