{"id":779,"date":"2015-07-10T13:02:59","date_gmt":"2015-07-10T11:02:59","guid":{"rendered":"https:\/\/actalliance.org\/fr\/?page_id=779"},"modified":"2017-02-28T17:43:12","modified_gmt":"2017-02-28T16:43:12","slug":"au-sujet-de-lalliance-act","status":"publish","type":"page","link":"https:\/\/old.stage.act.acw2.website\/fr\/au-sujet-de-lalliance-act\/","title":{"rendered":"Au sujet de l&rsquo;Alliance ACT"},"content":{"rendered":"<p>L&rsquo;Alliance ACT est un r\u00e9seau de 144 Eglises et organisations affili\u00e9es travaillant ensemble dans 100 pays pour un changement durable dans la vie des personnes pauvres et marginalis\u00e9es, sans discrimination de croyance, de conviction politique, de sexe, d&rsquo;orientation sexuelle, de race ou de nationalit\u00e9, et en respectant les codes et standards internationaux.<\/p>\n<p>L&rsquo;Alliance ACT compte environ 25,000 employ\u00e9s au sein de ses membres, et mobilise environ 1.5 billion de dollars US pour son travail chaque ann\u00e9e dans les trois secteurs d&rsquo;intervention suivants:<\/p>\n<ul>\n<li><strong>secours humanitaires d&rsquo;urgence<\/strong><\/li>\n<li><strong>d\u00e9veloppement<\/strong><\/li>\n<li><strong>et d\u00e9fense des causes<\/strong><\/li>\n<\/ul>\n<p>L&rsquo;Alliance ACT est profond\u00e9ment enracin\u00e9e dans les communaut\u00e9s qu&rsquo;elle sert. Elle a gagn\u00e9 la confiance et le respect des populations locales bien avant que les importantes interventions internationales s&rsquo;intensifient, et reste ferme dans ses engagements \u00e0 leur \u00e9gard bien des ann\u00e9es apr\u00e8s que l&rsquo;attention internationale se soit d\u00e9tourn\u00e9e ailleurs.<\/p>\n<p><strong>Cela veut dire que chaque jour l&rsquo;Alliance ACT est sur le devant de la sc\u00e8ne :<\/strong><\/p>\n<ul>\n<li><strong> aborder le probl\u00e8me de la pauvret\u00e9 \u00e9manant des syst\u00e8mes<\/strong><\/li>\n<li><strong> assister les survivants de catastrophes, de guerres et de conflits<\/strong><\/li>\n<li><strong> former les communaut\u00e9s rurales aux techniques agricoles durables<\/strong><\/li>\n<li><strong>aider les populations \u00e0 s&rsquo;adapter au changement \u00e9cologique<\/strong><\/li>\n<li><strong> et influencer les gouvernements et autres instances de d\u00e9cision cl\u00e9s \u00e0 sauvegarder les droits des citoyens<\/strong><\/li>\n<\/ul>\n<p>Les organisations membres sont associ\u00e9es au <a href=\"https:\/\/www.oikoumene.org\/fr\/index?set_language=fr\" target=\"_blank\">Conseil \u0153cum\u00e9nique des Eglises<\/a> ou \u00e0 la <a href=\"https:\/\/www.lutheranworld.org\/\" target=\"_blank\">F\u00e9d\u00e9ration luth\u00e9rienne mondiale<\/a><\/p>\n<p>Le secr\u00e9tariat de l&rsquo;Alliance ACT est bas\u00e9 \u00e0 Gen\u00e8ve, Suisse. ACT a une pr\u00e9sence r\u00e9gionale en Jordanie, en Tha\u00eflande, au Salvador, au Kenya et aux Etats-Unis. De plus, le bureau de d\u00e9fense des causes de <a href=\"http:\/\/www.aprodev.eu\/\" target=\"_blank\">l&rsquo;Alliance ACT aupr\u00e8s de la Communaut\u00e9 europ\u00e9enne (\u00ab\u00a0ACT Alliance EU\u00a0\u00bb)<\/a> est bas\u00e9 \u00e0 Bruxelles, Belgique.<\/p>\n<h2>Codes et standards internationaux<\/h2>\n<p>L&rsquo;Alliance ACT est signataire des codes et standards internationaux les plus \u00e9lev\u00e9s, incluant les Principes de Comportement pour le <a href=\"https:\/\/www.icrc.org\/fr\/page-accueil\" target=\"_blank\">Mouvement International de la Croix-Rouge et du Croissant-Rouge<\/a> et pour les ONG dans l&rsquo;ex\u00e9cution de Programmes de Secours en cas de Catastrophe.<\/p>\n<p>L&rsquo;Alliance ACT est membre du <a href=\"https:\/\/icvanetwork.org\/\" target=\"_blank\">Conseil international des Agences B\u00e9n\u00e9voles (ICVA)<\/a>, du Comit\u00e9 directeur pour l&rsquo;action humanitaire (SCHR) et est un membre certifi\u00e9 du <a href=\"http:\/\/fr.hapinternational.org\/\" target=\"_blank\">Partenariat International pour la Redevabilit\u00e9 Humanitaire (HAP)<\/a>.<\/p>\n<p>L&rsquo;Alliance ACT est aussi engag\u00e9e \u00e0 faire respecter la <a href=\"http:\/\/www.sphereproject.org\/sphere\/fr\/\" target=\"_blank\">Charte humanitaire <\/a>et les standards minimums de l&rsquo;intervention humanitaire, et est membre de <a href=\"http:\/\/www.trust.org\/humanitarian\/\" target=\"_blank\">Reuters AlertNet<\/a>.<\/p>\n","protected":false},"excerpt":{"rendered":"<p>L&rsquo;Alliance ACT est un r\u00e9seau de 144 Eglises et organisations affili\u00e9es travaillant ensemble dans 100 pays pour un changement durable dans la vie des personnes pauvres et marginalis\u00e9es, sans discrimination de croyance, de conviction politique, de sexe, d&rsquo;orientation sexuelle, de race ou de nationalit\u00e9, et en respectant les codes et standards internationaux. L&rsquo;Alliance ACT compte [&hellip;]<\/p>\n","protected":false},"author":4,"featured_media":1385,"parent":0,"menu_order":0,"comment_status":"open","ping_status":"open","template":"","meta":{"ngg_post_thumbnail":0},"acf":[],"_links":{"self":[{"href":"https:\/\/old.stage.act.acw2.website\/fr\/wp-json\/wp\/v2\/pages\/779"}],"collection":[{"href":"https:\/\/old.stage.act.acw2.website\/fr\/wp-json\/wp\/v2\/pages"}],"about":[{"href":"https:\/\/old.stage.act.acw2.website\/fr\/wp-json\/wp\/v2\/types\/page"}],"author":[{"embeddable":true,"href":"https:\/\/old.stage.act.acw2.website\/fr\/wp-json\/wp\/v2\/users\/4"}],"replies":[{"embeddable":true,"href":"https:\/\/old.stage.act.acw2.website\/fr\/wp-json\/wp\/v2\/comments?post=779"}],"version-history":[{"count":8,"href":"https:\/\/old.stage.act.acw2.website\/fr\/wp-json\/wp\/v2\/pages\/779\/revisions"}],"predecessor-version":[{"id":5277,"href":"https:\/\/old.stage.act.acw2.website\/fr\/wp-json\/wp\/v2\/pages\/779\/revisions\/5277"}],"wp:featuredmedia":[{"embeddable":true,"href":"https:\/\/old.stage.act.acw2.website\/fr\/wp-json\/wp\/v2\/media\/1385"}],"wp:attachment":[{"href":"https:\/\/old.stage.act.acw2.website\/fr\/wp-json\/wp\/v2\/media?parent=779"}],"curies":[{"name":"wp","href":"https:\/\/api.w.org\/{rel}","templated":true}]}}